{"id":2,"date":"2025-09-17T23:08:34","date_gmt":"2025-09-17T23:08:34","guid":{"rendered":"https:\/\/rtuyato.com\/?page_id=2"},"modified":"2025-10-14T05:06:15","modified_gmt":"2025-10-14T05:06:15","slug":"inicio","status":"publish","type":"page","link":"https:\/\/rtuyato.com\/","title":{"rendered":"inicio"},"content":{"rendered":"<p>[et_pb_section fb_built=\u00bb1&#8243; fullwidth=\u00bbon\u00bb _builder_version=\u00bb4.23.1&#8243; _module_preset=\u00bbdefault\u00bb global_colors_info=\u00bb{}\u00bb][et_pb_fullwidth_image _builder_version=\u00bb4.23.1&#8243; _module_preset=\u00bbdefault\u00bb background_color=\u00bb#545454&#8243; global_colors_info=\u00bb{}\u00bb][\/et_pb_fullwidth_image][\/et_pb_section][et_pb_section fb_built=\u00bb1&#8243; fullwidth=\u00bbon\u00bb _builder_version=\u00bb4.23.1&#8243; _module_preset=\u00bbdefault\u00bb global_colors_info=\u00bb{}\u00bb][et_pb_fullwidth_header title=\u00bbR TUYA TO\u00bb text_orientation=\u00bbcenter\u00bb header_fullscreen=\u00bbon\u00bb button_one_text=\u00bbClics\u00bb _builder_version=\u00bb4.23.1&#8243; _module_preset=\u00bbdefault\u00bb title_font=\u00bbAnonymous Pro||||||||\u00bb title_font_size=\u00bb64px\u00bb content_font=\u00bbAnonymous Pro||||||||\u00bb content_font_size=\u00bb18px\u00bb background_color=\u00bb#545454&#8243; hover_enabled=\u00bb0&#8243; global_colors_info=\u00bb{}\u00bb sticky_enabled=\u00bb0&#8243; title_text=\u00bb1758153455&#8243; header_image_url=\u00bbhttps:\/\/rtuyato.com\/wp-content\/uploads\/2025\/10\/puente-estructural.jpg\u00bb]<\/p>\n<pre>Ingenieria &amp; Paisaje<\/pre>\n<p>&nbsp;<\/p>\n<p><strong><span>Bradley Tuya, estudiante de Ingenier\u00eda Civil con un enfoque especializado en dise\u00f1o estructural y gesti\u00f3n de proyectos. Mi trabajo est\u00e1 orientado a desarrollar soluciones innovadoras y eficientes, con el objetivo de contribuir a la creaci\u00f3n de infraestructuras sostenibles y resilientes.<\/span><\/strong><\/p>\n<p>[\/et_pb_fullwidth_header][\/et_pb_section][et_pb_section fb_built=\u00bb1&#8243; theme_builder_area=\u00bbpost_content\u00bb _builder_version=\u00bb4.23.1&#8243; _module_preset=\u00bbdefault\u00bb width=\u00bb95%\u00bb max_width=\u00bb95%\u00bb hover_enabled=\u00bb0&#8243; sticky_enabled=\u00bb0&#8243;][et_pb_row _builder_version=\u00bb4.23.1&#8243; _module_preset=\u00bbdefault\u00bb column_structure=\u00bb1_4,3_4&#8243; theme_builder_area=\u00bbpost_content\u00bb][et_pb_column _builder_version=\u00bb4.23.1&#8243; _module_preset=\u00bbdefault\u00bb type=\u00bb1_4&#8243; theme_builder_area=\u00bbpost_content\u00bb][et_pb_image src=\u00bbhttps:\/\/rtuyato.com\/wp-content\/uploads\/2025\/09\/1758153455-e1758153555905.png\u00bb _builder_version=\u00bb4.23.1&#8243; _module_preset=\u00bbdefault\u00bb theme_builder_area=\u00bbpost_content\u00bb title_text=\u00bb1758153455&#8243; hover_enabled=\u00bb0&#8243; sticky_enabled=\u00bb0&#8243;][\/et_pb_image][\/et_pb_column][et_pb_column _builder_version=\u00bb4.23.1&#8243; _module_preset=\u00bbdefault\u00bb type=\u00bb3_4&#8243; theme_builder_area=\u00bbpost_content\u00bb][et_pb_text _builder_version=\u00bb4.23.1&#8243; _module_preset=\u00bbdefault\u00bb theme_builder_area=\u00bbpost_content\u00bb hover_enabled=\u00bb0&#8243; sticky_enabled=\u00bb0&#8243;]<\/p>\n<h3 data-spm-anchor-id=\"a2ty_o01.29997173.0.i1.2654c9218pqYp0\">\u00bfQu\u00e9 es el dise\u00f1o estructural?<\/h3>\n<p>El <strong>dise\u00f1o estructural<\/strong> es una parte fundamental de la ingenier\u00eda civil que se encarga de <strong>planificar, analizar y dimensionar<\/strong> los elementos que conforman la estructura de una edificaci\u00f3n o infraestructura (como puentes, torres, presas, etc.), con el objetivo de que <strong>soporte de forma segura todas las cargas<\/strong> a las que estar\u00e1 sometida durante su vida \u00fatil.<\/p>\n<div class=\"my-2\"><\/div>\n<p>Como estudiante de ingenier\u00eda civil, entiendo que el dise\u00f1o estructural no solo consiste en hacer c\u00e1lculos, sino en <strong>garantizar la seguridad, funcionalidad, durabilidad y econom\u00eda<\/strong> de la estructura. Para lograrlo, debemos considerar diferentes tipos de cargas, como:<\/p>\n<div class=\"my-2\"><\/div>\n<ul dir=\"auto\">\n<li><strong>Cargas muertas<\/strong>: peso propio de los materiales (losa, vigas, columnas, acabados, etc.).<\/li>\n<li><strong>Cargas vivas<\/strong>: personas, muebles, equipos, o cualquier carga variable.<\/li>\n<li><strong>Cargas ambientales<\/strong>: viento, sismo, nieve, temperatura, etc.<\/li>\n<\/ul>\n<div class=\"my-2\"><\/div>\n<p>Adem\u00e1s, el dise\u00f1o estructural se basa en <strong>normas t\u00e9cnicas y c\u00f3digos de construcci\u00f3n<\/strong> (como la NSR-10 en Colombia, el ACI 318 para concreto reforzado, o el AISC para acero), que nos dan los lineamientos para asegurar que nuestras estructuras cumplan con los requisitos m\u00ednimos de resistencia y servicio.<\/p>\n<div class=\"my-2\"><\/div>\n<p>En clase, aprendemos a dise\u00f1ar elementos como <strong>zapatas, vigas, columnas, losas y muros estructurales<\/strong>, usando materiales como <strong>concreto reforzado, acero estructural o madera<\/strong>, dependiendo del tipo de proyecto y las condiciones del sitio.<\/p>\n<div class=\"my-2\"><\/div>\n<p data-spm-anchor-id=\"a2ty_o01.29997173.0.i0.2654c9218pqYp0\">En resumen, el dise\u00f1o estructural es como <strong>darle \u00abhuesos\u00bb a una construcci\u00f3n<\/strong>: sin una buena estructura, ning\u00fan edificio puede mantenerse en pie de forma segura ni cumplir con su prop\u00f3sito.<\/p>\n<p>[\/et_pb_text][\/et_pb_column][\/et_pb_row][\/et_pb_section]<\/p>\n","protected":false},"excerpt":{"rendered":"<p>Ingenieria &amp; Paisaje &nbsp; Bradley Tuya, estudiante de Ingenier\u00eda Civil con un enfoque especializado en dise\u00f1o estructural y gesti\u00f3n de proyectos. Mi trabajo est\u00e1 orientado a desarrollar soluciones innovadoras y eficientes, con el objetivo de contribuir a la creaci\u00f3n de infraestructuras sostenibles y resilientes.\u00bfQu\u00e9 es el dise\u00f1o estructural? El dise\u00f1o estructural es una parte fundamental [&hellip;]<\/p>\n","protected":false},"author":1,"featured_media":0,"parent":0,"menu_order":0,"comment_status":"closed","ping_status":"closed","template":"","meta":{"_et_pb_use_builder":"on","_et_pb_old_content":"<!-- wp:paragraph -->\n<p>This is an example page. It's different from a blog post because it will stay in one place and will show up in your site navigation (in most themes). Most people start with an About page that introduces them to potential site visitors. It might say something like this:<\/p>\n<!-- \/wp:paragraph -->\n\n<!-- wp:quote -->\n<blockquote class=\"wp-block-quote\"><p>Hi there! I'm a bike messenger by day, aspiring actor by night, and this is my website. I live in Los Angeles, have a great dog named Jack, and I like pi&#241;a coladas. (And gettin' caught in the rain.)<\/p><\/blockquote>\n<!-- \/wp:quote -->\n\n<!-- wp:paragraph -->\n<p>...or something like this:<\/p>\n<!-- \/wp:paragraph -->\n\n<!-- wp:quote -->\n<blockquote class=\"wp-block-quote\"><p>The XYZ Doohickey Company was founded in 1971, and has been providing quality doohickeys to the public ever since. Located in Gotham City, XYZ employs over 2,000 people and does all kinds of awesome things for the Gotham community.<\/p><\/blockquote>\n<!-- \/wp:quote -->\n\n<!-- wp:paragraph -->\n<p>As a new WordPress user, you should go to <a href=\"https:\/\/rtuyato.com\/wp-admin\/\">your dashboard<\/a> to delete this page and create new pages for your content. Have fun!<\/p>\n<!-- \/wp:paragraph -->","_et_gb_content_width":"","footnotes":""},"class_list":["post-2","page","type-page","status-publish","hentry"],"_links":{"self":[{"href":"https:\/\/rtuyato.com\/index.php\/wp-json\/wp\/v2\/pages\/2","targetHints":{"allow":["GET"]}}],"collection":[{"href":"https:\/\/rtuyato.com\/index.php\/wp-json\/wp\/v2\/pages"}],"about":[{"href":"https:\/\/rtuyato.com\/index.php\/wp-json\/wp\/v2\/types\/page"}],"author":[{"embeddable":true,"href":"https:\/\/rtuyato.com\/index.php\/wp-json\/wp\/v2\/users\/1"}],"replies":[{"embeddable":true,"href":"https:\/\/rtuyato.com\/index.php\/wp-json\/wp\/v2\/comments?post=2"}],"version-history":[{"count":6,"href":"https:\/\/rtuyato.com\/index.php\/wp-json\/wp\/v2\/pages\/2\/revisions"}],"predecessor-version":[{"id":73,"href":"https:\/\/rtuyato.com\/index.php\/wp-json\/wp\/v2\/pages\/2\/revisions\/73"}],"wp:attachment":[{"href":"https:\/\/rtuyato.com\/index.php\/wp-json\/wp\/v2\/media?parent=2"}],"curies":[{"name":"wp","href":"https:\/\/api.w.org\/{rel}","templated":true}]}}